{"id":181,"date":"2023-06-26T10:25:01","date_gmt":"2023-06-26T08:25:01","guid":{"rendered":"https:\/\/sv-artikel.de\/blog\/?page_id=181"},"modified":"2024-04-04T11:37:17","modified_gmt":"2024-04-04T09:37:17","slug":"gann-filter","status":"publish","type":"page","link":"https:\/\/sv-artikel.de\/blog\/gann-filter\/","title":{"rendered":"Gann Filterassistent"},"content":{"rendered":"<p>Mit unserem Gann Filterassistenten k\u00f6nnen Sie die gew\u00fcnschten Messger\u00e4te der Firma \u00bbGann\u00ab nach Anwendungsbereich, Messverfahren oder Ger\u00e4tetyp filtern. Ein Klick auf den Titel des jeweiligen Ger\u00e4tes f\u00fchrt Sie direkt in den Shop.<\/p>\n","protected":false},"excerpt":{"rendered":"<p>Mit unserem Gann Filterassistenten k\u00f6nnen Sie die gew\u00fcnschten Messger\u00e4te der Firma \u00bbGann\u00ab nach Anwendungsbereich, Messverfahren oder Ger\u00e4tetyp filtern. Ein Klick&#8230; <\/p>\n<p><a class=\"read-more\" href=\"https:\/\/sv-artikel.de\/blog\/gann-filter\/\">Weiterlesen &rarr;<\/a><\/p>\n","protected":false},"author":2,"featured_media":0,"parent":0,"menu_order":0,"comment_status":"closed","ping_status":"closed","template":"template-gann.php","meta":{"_acf_changed":false,"footnotes":""},"class_list":["post-181","page","type-page","status-publish","hentry"],"acf":[],"_links":{"self":[{"href":"https:\/\/sv-artikel.de\/blog\/wp-json\/wp\/v2\/pages\/181","targetHints":{"allow":["GET"]}}],"collection":[{"href":"https:\/\/sv-artikel.de\/blog\/wp-json\/wp\/v2\/pages"}],"about":[{"href":"https:\/\/sv-artikel.de\/blog\/wp-json\/wp\/v2\/types\/page"}],"author":[{"embeddable":true,"href":"https:\/\/sv-artikel.de\/blog\/wp-json\/wp\/v2\/users\/2"}],"replies":[{"embeddable":true,"href":"https:\/\/sv-artikel.de\/blog\/wp-json\/wp\/v2\/comments?post=181"}],"version-history":[{"count":39,"href":"https:\/\/sv-artikel.de\/blog\/wp-json\/wp\/v2\/pages\/181\/revisions"}],"predecessor-version":[{"id":504,"href":"https:\/\/sv-artikel.de\/blog\/wp-json\/wp\/v2\/pages\/181\/revisions\/504"}],"wp:attachment":[{"href":"https:\/\/sv-artikel.de\/blog\/wp-json\/wp\/v2\/media?parent=181"}],"curies":[{"name":"wp","href":"https:\/\/api.w.org\/{rel}","templated":true}]}}